{"id":86,"date":"2024-01-15T03:26:42","date_gmt":"2024-01-15T02:26:42","guid":{"rendered":"https:\/\/bomaqrental.com\/?page_id=86"},"modified":"2024-02-19T15:06:19","modified_gmt":"2024-02-19T22:06:19","slug":"renta-y-venta","status":"publish","type":"page","link":"https:\/\/bomaqrental.com\/index.php\/productos-y-servicios\/renta-y-venta\/","title":{"rendered":"PRODUCTOS RENTA Y VENTA"},"content":{"rendered":"\t\t<div data-elementor-type=\"wp-page\" data-elementor-id=\"86\" class=\"elementor elementor-86\">\n\t\t\t\t<div class=\"elementor-element elementor-element-cbfcfdc e-con-full e-flex e-con e-parent\" data-id=\"cbfcfdc\" data-element_type=\"container\" data-e-type=\"container\" data-settings=\"{&quot;background_background&quot;:&quot;classic&quot;}\">\n\t\t\t\t<div class=\"elementor-element elementor-element-2786490 elementor-invisible elementor-widget elementor-widget-heading\" data-id=\"2786490\" data-element_type=\"widget\" data-e-type=\"widget\" data-settings=\"{&quot;_animation&quot;:&quot;fadeIn&quot;}\" data-widget_type=\"heading.default\">\n\t\t\t\t<div class=\"elementor-widget-container\">\n\t\t\t\t\t<h2 class=\"elementor-heading-title elementor-size-default\">RENTA Y VENTA<\/h2>\t\t\t\t<\/div>\n\t\t\t\t<\/div>\n\t\t\t\t<div class=\"elementor-element elementor-element-af22dff elementor-align-right elementor-widget elementor-widget-button\" data-id=\"af22dff\" data-element_type=\"widget\" data-e-type=\"widget\" data-widget_type=\"button.default\">\n\t\t\t\t<div class=\"elementor-widget-container\">\n\t\t\t\t\t\t\t\t\t<div class=\"elementor-button-wrapper\">\n\t\t\t\t\t<a class=\"elementor-button elementor-button-link elementor-size-xs elementor-animation-grow\" href=\"https:\/\/bomaqrental.com\/index.php\/contacto\/\">\n\t\t\t\t\t\t<span class=\"elementor-button-content-wrapper\">\n\t\t\t\t\t\t\t\t\t<span class=\"elementor-button-text\">CONTACTO<\/span>\n\t\t\t\t\t<\/span>\n\t\t\t\t\t<\/a>\n\t\t\t\t<\/div>\n\t\t\t\t\t\t\t\t<\/div>\n\t\t\t\t<\/div>\n\t\t\t\t<div class=\"elementor-element elementor-element-ee79ee4 elementor-widget__width-initial elementor-position-top elementor-widget elementor-widget-image-box\" data-id=\"ee79ee4\" data-element_type=\"widget\" data-e-type=\"widget\" data-widget_type=\"image-box.default\">\n\t\t\t\t<div class=\"elementor-widget-container\">\n\t\t\t\t\t<div class=\"elementor-image-box-wrapper\"><figure class=\"elementor-image-box-img\"><a href=\"https:\/\/bomaqrental.com\/index.php\/productos-y-servicios\/renta-y-venta\/movimiento-de-tierra\/\" tabindex=\"-1\"><img decoding=\"async\" src=\"https:\/\/bomaqrental.com\/wp-content\/uploads\/elementor\/thumbs\/3-qio0nrjw0msnwglebeevevx9wo4uuhup785n0i7ctc.jpg\" title=\"3\" alt=\"MOVIMIENTO DE TIERRA\" class=\"elementor-animation-shrink\" loading=\"lazy\" \/><\/a><\/figure><div class=\"elementor-image-box-content\"><p class=\"elementor-image-box-description\">Proporcionamos una amplia gama de equipos especializados para movimiento de tierra, como excavadoras, retroexcavadoras, bulldozers, cargadores frontales y niveladoras.<\/p><\/div><\/div>\t\t\t\t<\/div>\n\t\t\t\t<\/div>\n\t\t\t\t<\/div>\n\t\t<div class=\"elementor-element elementor-element-4671bbe e-con-full e-flex e-con e-parent\" data-id=\"4671bbe\" data-element_type=\"container\" data-e-type=\"container\" data-settings=\"{&quot;background_background&quot;:&quot;classic&quot;}\">\n\t\t\t\t<div class=\"elementor-element elementor-element-6bf7955 elementor-widget__width-initial elementor-position-top elementor-widget elementor-widget-image-box\" data-id=\"6bf7955\" data-element_type=\"widget\" data-e-type=\"widget\" data-widget_type=\"image-box.default\">\n\t\t\t\t<div class=\"elementor-widget-container\">\n\t\t\t\t\t<div class=\"elementor-image-box-wrapper\"><figure class=\"elementor-image-box-img\"><a href=\"https:\/\/bomaqrental.com\/index.php\/productos-y-servicios\/renta-y-venta\/construccion\/\" tabindex=\"-1\"><img decoding=\"async\" src=\"https:\/\/bomaqrental.com\/wp-content\/uploads\/elementor\/thumbs\/4-qio0nrjw0msnwglebeevevx9wo4uuhup785n0i7ctc.jpg\" title=\"CONSTRUCCI\u00d3N Y COMPACTACI\u00d3N\" alt=\"CONSTRUCCI\u00d3N Y COMPACTACI\u00d3N\" class=\"elementor-animation-shrink\" loading=\"lazy\" \/><\/a><\/figure><div class=\"elementor-image-box-content\"><p class=\"elementor-image-box-description\">La compactaci\u00f3n del suelo es una parte fundamental en la preparaci\u00f3n de terrenos para la construcci\u00f3n. \nContamos con m\u00e1quinas especializadas para llevar a cabo este proceso, cada una dise\u00f1ada para abordar diferentes tipos de suelos y situaciones. <\/p><\/div><\/div>\t\t\t\t<\/div>\n\t\t\t\t<\/div>\n\t\t\t\t<\/div>\n\t\t<div class=\"elementor-element elementor-element-d59a8bc e-con-full e-flex e-con e-parent\" data-id=\"d59a8bc\" data-element_type=\"container\" data-e-type=\"container\" data-settings=\"{&quot;background_background&quot;:&quot;classic&quot;}\">\n\t\t\t\t<div class=\"elementor-element elementor-element-6ff4daf elementor-widget__width-initial elementor-position-top elementor-widget elementor-widget-image-box\" data-id=\"6ff4daf\" data-element_type=\"widget\" data-e-type=\"widget\" data-widget_type=\"image-box.default\">\n\t\t\t\t<div class=\"elementor-widget-container\">\n\t\t\t\t\t<div class=\"elementor-image-box-wrapper\"><figure class=\"elementor-image-box-img\"><a href=\"https:\/\/bomaqrental.com\/index.php\/productos-y-servicios\/renta-y-venta\/pavimentacion\/\" tabindex=\"-1\"><img decoding=\"async\" src=\"https:\/\/bomaqrental.com\/wp-content\/uploads\/elementor\/thumbs\/pavimentacion-qk23oaoiszokavbx2yxb3y0phg8uh580ymmhkvoejk.jpg\" title=\"pavimentaci\u00f3n\" alt=\"Pavimentaci\u00f3n\" class=\"elementor-animation-shrink\" loading=\"lazy\" \/><\/a><\/figure><div class=\"elementor-image-box-content\"><p class=\"elementor-image-box-description\">La calidad de una pavimentaci\u00f3n comienza con el uso de los mejores y m\u00e1s confiables equipos. \nLa precisi\u00f3n y eficiencia que ofrecemos con nuestro servicio no solo garantizan un acabado impecable, sino tambi\u00e9n una mayor durabilidad y resistencia de la superficie.<\/p><\/div><\/div>\t\t\t\t<\/div>\n\t\t\t\t<\/div>\n\t\t\t\t<\/div>\n\t\t<div class=\"elementor-element elementor-element-549036c e-con-full e-flex e-con e-parent\" data-id=\"549036c\" data-element_type=\"container\" data-e-type=\"container\" data-settings=\"{&quot;background_background&quot;:&quot;classic&quot;}\">\n\t\t\t\t<div class=\"elementor-element elementor-element-24f2ef9 elementor-widget__width-initial elementor-position-top elementor-widget elementor-widget-image-box\" data-id=\"24f2ef9\" data-element_type=\"widget\" data-e-type=\"widget\" data-widget_type=\"image-box.default\">\n\t\t\t\t<div class=\"elementor-widget-container\">\n\t\t\t\t\t<div class=\"elementor-image-box-wrapper\"><figure class=\"elementor-image-box-img\"><a href=\"https:\/\/bomaqrental.com\/index.php\/productos-y-servicios\/renta-y-venta\/industrial\/\" tabindex=\"-1\"><img decoding=\"async\" src=\"https:\/\/bomaqrental.com\/wp-content\/uploads\/elementor\/thumbs\/5-qio0nshq7gty82k15wthzdoqi20826yfjct4hs5yn4.jpg\" title=\"5\" alt=\"5\" class=\"elementor-animation-shrink\" loading=\"lazy\" \/><\/a><\/figure><div class=\"elementor-image-box-content\"><p class=\"elementor-image-box-description\">Es importante que en tu proyecto cuentes con todo el equipo que necesitas: torres de iluminaci\u00f3n, generadores, plataformas, compresores, entre otros.<\/p><\/div><\/div>\t\t\t\t<\/div>\n\t\t\t\t<\/div>\n\t\t\t\t<\/div>\n\t\t<div class=\"elementor-element elementor-element-1fcfd52 e-con-full e-flex e-con e-parent\" data-id=\"1fcfd52\" data-element_type=\"container\" data-e-type=\"container\" data-settings=\"{&quot;background_background&quot;:&quot;classic&quot;}\">\n\t\t\t\t<div class=\"elementor-element elementor-element-9fcc7c4 elementor-widget__width-initial elementor-position-top elementor-widget elementor-widget-image-box\" data-id=\"9fcc7c4\" data-element_type=\"widget\" data-e-type=\"widget\" data-widget_type=\"image-box.default\">\n\t\t\t\t<div class=\"elementor-widget-container\">\n\t\t\t\t\t<div class=\"elementor-image-box-wrapper\"><figure class=\"elementor-image-box-img\"><a href=\"https:\/\/bomaqrental.com\/index.php\/productos-y-servicios\/renta-y-venta\/equipo-ligero\/\" tabindex=\"-1\"><img decoding=\"async\" src=\"https:\/\/bomaqrental.com\/wp-content\/uploads\/elementor\/thumbs\/6-qio0nshq7gty82k15wthzdoqi20826yfjct4hs5yn4.jpg\" title=\"6\" alt=\"6\" class=\"elementor-animation-shrink\" loading=\"lazy\" \/><\/a><\/figure><div class=\"elementor-image-box-content\"><p class=\"elementor-image-box-description\">En tu proyecto no puede faltar el equipo de apoyo para demolici\u00f3n y corte, compactaci\u00f3n, concreto, bombas y mucho m\u00e1s.<\/p><\/div><\/div>\t\t\t\t<\/div>\n\t\t\t\t<\/div>\n\t\t\t\t<\/div>\n\t\t<div class=\"elementor-element elementor-element-8e2b63a e-flex e-con-boxed e-con e-parent\" data-id=\"8e2b63a\" data-element_type=\"container\" data-e-type=\"container\">\n\t\t\t\t\t<div class=\"e-con-inner\">\n\t\t\t\t<div class=\"elementor-element elementor-element-6fc8cda elementor-widget elementor-widget-spacer\" data-id=\"6fc8cda\" data-element_type=\"widget\" data-e-type=\"widget\" data-widget_type=\"spacer.default\">\n\t\t\t\t<div class=\"elementor-widget-container\">\n\t\t\t\t\t\t\t<div class=\"elementor-spacer\">\n\t\t\t<div class=\"elementor-spacer-inner\"><\/div>\n\t\t<\/div>\n\t\t\t\t\t\t<\/div>\n\t\t\t\t<\/div>\n\t\t\t\t\t<\/div>\n\t\t\t\t<\/div>\n\t\t\t\t<\/div>\n\t\t","protected":false},"excerpt":{"rendered":"<p>RENTA Y VENTA CONTACTO Proporcionamos una amplia gama de equipos especializados para movimiento de tierra, como excavadoras, retroexcavadoras, bulldozers, cargadores [&hellip;]<\/p>\n","protected":false},"author":1,"featured_media":0,"parent":51,"menu_order":6,"comment_status":"closed","ping_status":"closed","template":"","meta":{"site-sidebar-layout":"no-sidebar","site-content-layout":"","ast-site-content-layout":"full-width-container","site-content-style":"default","site-sidebar-style":"default","ast-global-header-display":"","ast-banner-title-visibility":"","ast-main-header-display":"","ast-hfb-above-header-display":"","ast-hfb-below-header-display":"","ast-hfb-mobile-header-display":"","site-post-title":"disabled","ast-breadcrumbs-content":"","ast-featured-img":"disabled","footer-sml-layout":"","ast-disable-related-posts":"","theme-transparent-header-meta":"","adv-header-id-meta":"","stick-header-meta":"","header-above-stick-meta":"","header-main-stick-meta":"","header-below-stick-meta":"","astra-migrate-meta-layouts":"default","ast-page-background-enabled":"default","ast-page-background-meta":{"desktop":{"background-color":"var(--ast-global-color-4)","background-image":"","background-repeat":"repeat","background-position":"center center","background-size":"auto","background-attachment":"scroll","background-type":"","background-media":"","overlay-type":"","overlay-color":"","overlay-opacity":"","overlay-gradient":""},"tablet":{"background-color":"","background-image":"","background-repeat":"repeat","background-position":"center center","background-size":"auto","background-attachment":"scroll","background-type":"","background-media":"","overlay-type":"","overlay-color":"","overlay-opacity":"","overlay-gradient":""},"mobile":{"background-color":"","background-image":"","background-repeat":"repeat","background-position":"center center","background-size":"auto","background-attachment":"scroll","background-type":"","background-media":"","overlay-type":"","overlay-color":"","overlay-opacity":"","overlay-gradient":""}},"ast-content-background-meta":{"desktop":{"background-color":"var(--ast-global-color-5)","background-image":"","background-repeat":"repeat","background-position":"center center","background-size":"auto","background-attachment":"scroll","background-type":"","background-media":"","overlay-type":"","overlay-color":"","overlay-opacity":"","overlay-gradient":""},"tablet":{"background-color":"var(--ast-global-color-5)","background-image":"","background-repeat":"repeat","background-position":"center center","background-size":"auto","background-attachment":"scroll","background-type":"","background-media":"","overlay-type":"","overlay-color":"","overlay-opacity":"","overlay-gradient":""},"mobile":{"background-color":"var(--ast-global-color-5)","background-image":"","background-repeat":"repeat","background-position":"center center","background-size":"auto","background-attachment":"scroll","background-type":"","background-media":"","overlay-type":"","overlay-color":"","overlay-opacity":"","overlay-gradient":""}},"footnotes":""},"class_list":["post-86","page","type-page","status-publish","hentry"],"aioseo_notices":[],"_hostinger_reach_plugin_has_subscription_block":false,"_hostinger_reach_plugin_is_elementor":false,"_links":{"self":[{"href":"https:\/\/bomaqrental.com\/index.php\/wp-json\/wp\/v2\/pages\/86","targetHints":{"allow":["GET"]}}],"collection":[{"href":"https:\/\/bomaqrental.com\/index.php\/wp-json\/wp\/v2\/pages"}],"about":[{"href":"https:\/\/bomaqrental.com\/index.php\/wp-json\/wp\/v2\/types\/page"}],"author":[{"embeddable":true,"href":"https:\/\/bomaqrental.com\/index.php\/wp-json\/wp\/v2\/users\/1"}],"replies":[{"embeddable":true,"href":"https:\/\/bomaqrental.com\/index.php\/wp-json\/wp\/v2\/comments?post=86"}],"version-history":[{"count":53,"href":"https:\/\/bomaqrental.com\/index.php\/wp-json\/wp\/v2\/pages\/86\/revisions"}],"predecessor-version":[{"id":1283,"href":"https:\/\/bomaqrental.com\/index.php\/wp-json\/wp\/v2\/pages\/86\/revisions\/1283"}],"up":[{"embeddable":true,"href":"https:\/\/bomaqrental.com\/index.php\/wp-json\/wp\/v2\/pages\/51"}],"wp:attachment":[{"href":"https:\/\/bomaqrental.com\/index.php\/wp-json\/wp\/v2\/media?parent=86"}],"curies":[{"name":"wp","href":"https:\/\/api.w.org\/{rel}","templated":true}]}}